{"id":7,"date":"2022-01-06T16:00:58","date_gmt":"2022-01-06T16:00:58","guid":{"rendered":"http:\/\/192.168.41.160:8081\/?page_id=7"},"modified":"2025-08-09T16:51:08","modified_gmt":"2025-08-09T14:51:08","slug":"contact","status":"publish","type":"page","link":"https:\/\/timo-brunn.de\/index.php\/contact\/","title":{"rendered":"Impressum"},"content":{"rendered":"\n<h2 class=\"wp-block-heading\">Kontakt<\/h2>\n\n\n\n<p>Telefon auf Anfrage<br>E-Mail: timo@timo-brunn.de<\/p>\n\n\n\n<p>Timo Brunn<br>Hauptstr. 106<br>63853 M\u00f6mlingen<\/p>\n\n\n\n<p><\/p>\n\n\n\n<p>Schneller Vor-Ort-Service im <strong>Nationalpark Harz<\/strong>.<br>Kontaktieren Sie mich f\u00fcr spezielle Angebot f\u00fcr das <strong>Rhein-Main-Gebiet<\/strong>, der Nationalpark <strong>Bayerischer Wald<\/strong> und den Naturpark <strong>Odenwald<\/strong>. <br><br><\/p>\n","protected":false},"excerpt":{"rendered":"<p>Kontakt Telefon auf AnfrageE-Mail: timo@timo-brunn.de Timo BrunnHauptstr. 10663853 M\u00f6mlingen Schneller Vor-Ort-Service im Nationalpark Harz.Kontaktieren Sie mich f\u00fcr spezielle Angebot f\u00fcr das Rhein-Main-Gebiet, der Nationalpark Bayerischer Wald und den Naturpark Odenwald.<\/p>\n","protected":false},"author":1,"featured_media":0,"parent":0,"menu_order":0,"comment_status":"closed","ping_status":"closed","template":"","meta":{"footnotes":""},"class_list":["post-7","page","type-page","status-publish","hentry"],"aioseo_notices":[],"_links":{"self":[{"href":"https:\/\/timo-brunn.de\/index.php\/wp-json\/wp\/v2\/pages\/7","targetHints":{"allow":["GET"]}}],"collection":[{"href":"https:\/\/timo-brunn.de\/index.php\/wp-json\/wp\/v2\/pages"}],"about":[{"href":"https:\/\/timo-brunn.de\/index.php\/wp-json\/wp\/v2\/types\/page"}],"author":[{"embeddable":true,"href":"https:\/\/timo-brunn.de\/index.php\/wp-json\/wp\/v2\/users\/1"}],"replies":[{"embeddable":true,"href":"https:\/\/timo-brunn.de\/index.php\/wp-json\/wp\/v2\/comments?post=7"}],"version-history":[{"count":18,"href":"https:\/\/timo-brunn.de\/index.php\/wp-json\/wp\/v2\/pages\/7\/revisions"}],"predecessor-version":[{"id":479,"href":"https:\/\/timo-brunn.de\/index.php\/wp-json\/wp\/v2\/pages\/7\/revisions\/479"}],"wp:attachment":[{"href":"https:\/\/timo-brunn.de\/index.php\/wp-json\/wp\/v2\/media?parent=7"}],"curies":[{"name":"wp","href":"https:\/\/api.w.org\/{rel}","templated":true}]}}