{"id":375,"date":"2024-10-21T01:38:32","date_gmt":"2024-10-20T23:38:32","guid":{"rendered":"https:\/\/timo-brunn.de\/?page_id=375"},"modified":"2025-10-07T15:41:01","modified_gmt":"2025-10-07T13:41:01","slug":"375-2","status":"publish","type":"page","link":"https:\/\/timo-brunn.de\/","title":{"rendered":"Startseite"},"content":{"rendered":"\n<div style=\"height:81px\" aria-hidden=\"true\" class=\"wp-block-spacer\"><\/div>\n\n\n\n<div class=\"wp-block-group alignfull has-global-padding is-layout-constrained wp-container-core-group-is-layout-490fa1db wp-block-group-is-layout-constrained\" style=\"padding-top:var(--wp--preset--spacing--50);padding-right:var(--wp--preset--spacing--50);padding-bottom:var(--wp--preset--spacing--50);padding-left:var(--wp--preset--spacing--50)\">\n<div class=\"wp-block-group has-global-padding is-layout-constrained wp-container-core-group-is-layout-650790e1 wp-block-group-is-layout-constrained\">\n<h2 class=\"wp-block-heading\">Connecting Worlds through Open Source and Passion<\/h2>\n\n\n\n<div style=\"height:1.25rem\" aria-hidden=\"true\" class=\"wp-block-spacer\"><\/div>\n\n\n\n<p class=\"has-text-align-center\">Als selbstst\u00e4ndiger IT-Dienstleister biete ich Ihnen exzellente Expertise in Linux und Netzwerktechnik \u2013 f\u00fcr L\u00f6sungen, die Ihre Erwartungen \u00fcbertreffen!<\/p>\n\n\n\n<div style=\"height:1.25rem\" aria-hidden=\"true\" class=\"wp-block-spacer\"><\/div>\n\n\n\n<div class=\"wp-block-buttons is-content-justification-center is-layout-flex wp-container-core-buttons-is-layout-a89b3969 wp-block-buttons-is-layout-flex\">\n<div class=\"wp-block-button\"><a class=\"wp-block-button__link wp-element-button\" href=\"https:\/\/timo-brunn.de\/index.php\/about\/\">\u00dcber mich<\/a><\/div>\n\n\n\n<div class=\"wp-block-button\"><a class=\"wp-block-button__link wp-element-button\" href=\"https:\/\/timo-brunn.de\/index.php\/contact\/\">Kontakt<\/a><\/div>\n\n\n\n<div class=\"wp-block-button\"><a class=\"wp-block-button__link wp-element-button\" href=\"https:\/\/timo-brunn.de\/Remote-Hilfe-Quedlinburg.it.exe\" target=\"_blank\" rel=\"noreferrer noopener\">Remote Hilfe<\/a><\/div>\n<\/div>\n<\/div>\n\n\n\n<figure class=\"wp-block-image aligncenter size-full\"><img loading=\"lazy\" decoding=\"async\" width=\"265\" height=\"71\" src=\"https:\/\/timo-brunn.de\/wp-content\/uploads\/2024\/10\/MTCNA.png\" alt=\"\" class=\"wp-image-376\"\/><\/figure>\n\n\n\n<div style=\"height:var(--wp--preset--spacing--30)\" aria-hidden=\"true\" class=\"wp-block-spacer\"><\/div>\n<\/div>\n\n\n\n<div class=\"wp-block-group alignfull has-base-2-background-color has-background has-global-padding is-layout-constrained wp-container-core-group-is-layout-669513ed wp-block-group-is-layout-constrained\" style=\"margin-top:0;margin-bottom:0;padding-top:var(--wp--preset--spacing--50);padding-right:var(--wp--preset--spacing--50);padding-bottom:var(--wp--preset--spacing--50);padding-left:var(--wp--preset--spacing--50)\">\n<div class=\"wp-block-group is-vertical is-content-justification-center is-layout-flex wp-container-core-group-is-layout-52b864f0 wp-block-group-is-layout-flex\">\n<h2 class=\"wp-block-heading has-text-align-center is-style-asterisk\">IT, die zu Ihnen passt: Ihre Bed\u00fcrfnisse im Fokus<\/h2>\n\n\n\n<div style=\"height:0px\" aria-hidden=\"true\" class=\"wp-block-spacer wp-container-content-4f2ccadb\"><\/div>\n\n\n\n<p class=\"has-text-align-center\">Mit meinem breiten Spektrum an Dienstleistungen finden Privat- und Gesch\u00e4ftskunden die passende L\u00f6sung f\u00fcr jeden Bedarf, von IoT bis zum Datacenter<\/p>\n<\/div>\n\n\n\n<div style=\"margin-top:0;margin-bottom:0;height:var(--wp--preset--spacing--40)\" aria-hidden=\"true\" class=\"wp-block-spacer\"><\/div>\n\n\n\n<div class=\"wp-block-columns alignwide is-layout-flex wp-container-core-columns-is-layout-d0bbbce0 wp-block-columns-is-layout-flex\">\n<div class=\"wp-block-column is-layout-flow wp-container-core-column-is-layout-e3d1c41b wp-block-column-is-layout-flow\">\n<h3 class=\"wp-block-heading has-text-align-left is-style-asterisk has-body-font-family has-medium-font-size\" style=\"font-style:normal;font-weight:600\">Kaufberatung<\/h3>\n\n\n\n<p class=\"has-text-align-left\">Ich bin Ihr unabh\u00e4ngiger Dienstleister und berate Sie umfassend zu allen namhaften Anbietern.<\/p>\n<\/div>\n\n\n\n<div class=\"wp-block-column is-layout-flow wp-container-core-column-is-layout-e3d1c41b wp-block-column-is-layout-flow\">\n<h3 class=\"wp-block-heading has-text-align-left is-style-asterisk has-body-font-family has-medium-font-size\" style=\"font-style:normal;font-weight:600\">Implementierung<\/h3>\n\n\n\n<p class=\"has-text-align-left\">Implementierung von Software- und Hardwarel\u00f6sungen, abgestimmt auf Ihre Bed\u00fcrfnisse \u2013 flexibel vor Ort oder remote.<\/p>\n<\/div>\n<\/div>\n\n\n\n<div style=\"height:var(--wp--preset--spacing--20)\" aria-hidden=\"true\" class=\"wp-block-spacer\"><\/div>\n\n\n\n<div class=\"wp-block-columns alignwide is-layout-flex wp-container-core-columns-is-layout-d0bbbce0 wp-block-columns-is-layout-flex\">\n<div class=\"wp-block-column is-layout-flow wp-container-core-column-is-layout-e3d1c41b wp-block-column-is-layout-flow\">\n<h3 class=\"wp-block-heading has-text-align-left is-style-asterisk has-body-font-family has-medium-font-size\" style=\"font-style:normal;font-weight:600\">Monitoring<\/h3>\n\n\n\n<p class=\"has-text-align-left\">Kontinuierliche \u00dcberwachung Ihrer Systeme f\u00fcr eine garantierte Verf\u00fcgbarkeit \u2013 rund um die Uhr.<\/p>\n<\/div>\n\n\n\n<div class=\"wp-block-column is-layout-flow wp-container-core-column-is-layout-e3d1c41b wp-block-column-is-layout-flow\">\n<h3 class=\"wp-block-heading has-text-align-left is-style-asterisk has-body-font-family has-medium-font-size\" style=\"font-style:normal;font-weight:600\">Schulung<\/h3>\n\n\n\n<p class=\"has-text-align-left\">Ich realisiere Ihre Anforderungen und unterst\u00fctze Ihre Mitarbeiter auf Wunsch mit gezielten Schulungen<\/p>\n<\/div>\n\n\n\n<div class=\"wp-block-column is-layout-flow wp-container-core-column-is-layout-e3d1c41b wp-block-column-is-layout-flow\">\n<h3 class=\"wp-block-heading has-text-align-left is-style-asterisk has-body-font-family has-medium-font-size\" style=\"font-style:normal;font-weight:600\">Erstklassige Dokumentation<\/h3>\n\n\n\n<p class=\"has-text-align-left\">Dokumentation ist f\u00fcr mich von gro\u00dfer Bedeutung, genauso wie f\u00fcr Sie. Deshalb erhalten Sie von mir umfangreiche Dokumentationen.<\/p>\n<\/div>\n<\/div>\n<\/div>\n\n\n\n<div class=\"wp-block-group alignfull has-global-padding is-layout-constrained wp-container-core-group-is-layout-d89aad35 wp-block-group-is-layout-constrained\" style=\"margin-top:0;margin-bottom:0;padding-top:var(--wp--preset--spacing--50);padding-right:var(--wp--preset--spacing--50);padding-bottom:var(--wp--preset--spacing--50);padding-left:var(--wp--preset--spacing--50)\">\n<div class=\"wp-block-group alignwide has-global-padding is-layout-constrained wp-container-core-group-is-layout-19e250f3 wp-block-group-is-layout-constrained\">\n<div class=\"wp-block-group is-vertical is-content-justification-center is-layout-flex wp-container-core-group-is-layout-6329a8f3 wp-block-group-is-layout-flex\">\n<h2 class=\"wp-block-heading has-text-align-center is-style-asterisk\">Projekte<\/h2>\n\n\n\n<p class=\"has-text-align-center\">Im Folgenden habe ich einige meiner Projekte zusammengestellt, die meine Fachkompetenz unter Beweis stellen.<\/p>\n<\/div>\n\n\n\n<div style=\"height:var(--wp--preset--spacing--40)\" aria-hidden=\"true\" class=\"wp-block-spacer\"><\/div>\n\n\n\n<div class=\"wp-block-columns alignwide is-layout-flex wp-container-core-columns-is-layout-d1c656ed wp-block-columns-is-layout-flex\">\n<div class=\"wp-block-column is-vertically-aligned-center is-layout-flow wp-block-column-is-layout-flow\" style=\"flex-basis:40%\">\n<h3 class=\"wp-block-heading is-style-asterisk\">HAProxy<\/h3>\n\n\n\n<ul style=\"line-height:1.75\" class=\"wp-block-list is-style-checkmark-list\">\n<li>Reverse Proxys der Layer-4 und 7, ausgelegt f\u00fcr 5000 Verbindungen pro Sekunde<\/li>\n\n\n\n<li>IPv6-Ingress f\u00fcr IPv4 Netzwerke<\/li>\n\n\n\n<li>Flexibles Load-Balancing und automatisches Failover<\/li>\n<\/ul>\n<\/div>\n\n\n\n<div class=\"wp-block-column is-layout-flow wp-block-column-is-layout-flow\" style=\"flex-basis:50%\">\n<figure class=\"wp-block-image size-full is-style-rounded is-style-rounded--1\"><img loading=\"lazy\" decoding=\"async\" width=\"798\" height=\"241\" src=\"https:\/\/timo-brunn.de\/wp-content\/uploads\/2024\/10\/Screenshot-2024-10-21-025400.png\" alt=\"\" class=\"wp-image-397\" srcset=\"https:\/\/timo-brunn.de\/wp-content\/uploads\/2024\/10\/Screenshot-2024-10-21-025400.png 798w, https:\/\/timo-brunn.de\/wp-content\/uploads\/2024\/10\/Screenshot-2024-10-21-025400-300x91.png 300w, https:\/\/timo-brunn.de\/wp-content\/uploads\/2024\/10\/Screenshot-2024-10-21-025400-768x232.png 768w\" sizes=\"auto, (max-width: 798px) 100vw, 798px\" \/><\/figure>\n<\/div>\n<\/div>\n\n\n\n<div style=\"height:var(--wp--preset--spacing--40)\" aria-hidden=\"true\" class=\"wp-block-spacer\"><\/div>\n\n\n\n<div class=\"wp-block-columns alignwide is-layout-flex wp-container-core-columns-is-layout-d1c656ed wp-block-columns-is-layout-flex\">\n<div class=\"wp-block-column is-layout-flow wp-block-column-is-layout-flow\" style=\"flex-basis:50%\">\n<figure class=\"wp-block-image size-full is-style-rounded is-style-rounded--2\"><img loading=\"lazy\" decoding=\"async\" width=\"617\" height=\"612\" src=\"https:\/\/timo-brunn.de\/wp-content\/uploads\/2024\/10\/Screenshot-2024-10-21-025604.png\" alt=\"\" class=\"wp-image-398\" srcset=\"https:\/\/timo-brunn.de\/wp-content\/uploads\/2024\/10\/Screenshot-2024-10-21-025604.png 617w, https:\/\/timo-brunn.de\/wp-content\/uploads\/2024\/10\/Screenshot-2024-10-21-025604-300x298.png 300w, https:\/\/timo-brunn.de\/wp-content\/uploads\/2024\/10\/Screenshot-2024-10-21-025604-150x150.png 150w\" sizes=\"auto, (max-width: 617px) 100vw, 617px\" \/><\/figure>\n<\/div>\n\n\n\n<div class=\"wp-block-column is-vertically-aligned-center is-layout-flow wp-block-column-is-layout-flow\" style=\"flex-basis:40%\">\n<h3 class=\"wp-block-heading is-style-asterisk\">Jitsi Meet<\/h3>\n\n\n\n<ul style=\"line-height:1.75\" class=\"wp-block-list is-style-checkmark-list\">\n<li>Videokonferenzl\u00f6sung, die sowohl lokale als auch Cloud-Ressourcen nutzt.<\/li>\n\n\n\n<li>Hochverf\u00fcgbar und vertikal skalierbar.<\/li>\n<\/ul>\n<\/div>\n<\/div>\n\n\n\n<div style=\"height:var(--wp--preset--spacing--40)\" aria-hidden=\"true\" class=\"wp-block-spacer\"><\/div>\n\n\n\n<div class=\"wp-block-columns alignwide is-layout-flex wp-container-core-columns-is-layout-d1c656ed wp-block-columns-is-layout-flex\">\n<div class=\"wp-block-column is-vertically-aligned-center is-layout-flow wp-block-column-is-layout-flow\" style=\"flex-basis:40%\">\n<h3 class=\"wp-block-heading is-style-asterisk\">WLAN<\/h3>\n\n\n\n<ul style=\"line-height:1.75\" class=\"wp-block-list is-style-checkmark-list\">\n<li>Genie\u00dfen Sie blitzschnelles WLAN in jedem Raum und auf jedem Ger\u00e4t<\/li>\n\n\n\n<li>Zentral verwaltet f\u00fcr einfachen \u00dcberblick und Optimierung.<\/li>\n<\/ul>\n<\/div>\n\n\n\n<div class=\"wp-block-column is-layout-flow wp-block-column-is-layout-flow\" style=\"flex-basis:50%\">\n<figure class=\"wp-block-image size-full is-style-rounded wp-duotone-unset-4 is-style-rounded--3\"><img loading=\"lazy\" decoding=\"async\" width=\"462\" height=\"573\" src=\"https:\/\/timo-brunn.de\/wp-content\/uploads\/2025\/03\/image_rb_wap_ac.jpg\" alt=\"\" class=\"wp-image-446\" srcset=\"https:\/\/timo-brunn.de\/wp-content\/uploads\/2025\/03\/image_rb_wap_ac.jpg 462w, https:\/\/timo-brunn.de\/wp-content\/uploads\/2025\/03\/image_rb_wap_ac-242x300.jpg 242w\" sizes=\"auto, (max-width: 462px) 100vw, 462px\" \/><\/figure>\n<\/div>\n<\/div>\n\n\n\n<div style=\"height:var(--wp--preset--spacing--40)\" aria-hidden=\"true\" class=\"wp-block-spacer\"><\/div>\n\n\n\n<div class=\"wp-block-columns alignwide is-layout-flex wp-container-core-columns-is-layout-d1c656ed wp-block-columns-is-layout-flex\">\n<div class=\"wp-block-column is-layout-flow wp-block-column-is-layout-flow\" style=\"flex-basis:50%\">\n<figure class=\"wp-block-image size-full is-style-rounded is-style-rounded--5\"><img loading=\"lazy\" decoding=\"async\" width=\"800\" height=\"485\" src=\"https:\/\/timo-brunn.de\/wp-content\/uploads\/2024\/09\/Screenshot-2024-09-11-192955-e1726075831811.png\" alt=\"\" class=\"wp-image-341\"\/><\/figure>\n<\/div>\n\n\n\n<div class=\"wp-block-column is-vertically-aligned-center is-layout-flow wp-block-column-is-layout-flow\" style=\"flex-basis:40%\">\n<h3 class=\"wp-block-heading is-style-asterisk\">Monitoring<\/h3>\n\n\n\n<ul style=\"line-height:1.75\" class=\"wp-block-list is-style-checkmark-list\">\n<li>St\u00e4ndige \u00dcberwachung der SLAs, auch f\u00fcr Internetanbieter<\/li>\n\n\n\n<li>Benachrichtigungen per Teams, Slack, Discord und E-Mail.<\/li>\n<\/ul>\n<\/div>\n<\/div>\n\n\n\n<div style=\"height:var(--wp--preset--spacing--40)\" aria-hidden=\"true\" class=\"wp-block-spacer\"><\/div>\n\n\n\n<div class=\"wp-block-columns alignwide is-layout-flex wp-container-core-columns-is-layout-d1c656ed wp-block-columns-is-layout-flex\">\n<div class=\"wp-block-column is-vertically-aligned-center is-layout-flow wp-block-column-is-layout-flow\" style=\"flex-basis:40%\">\n<h3 class=\"wp-block-heading is-style-asterisk\">SAML\/Single-Sign-On<\/h3>\n\n\n\n<ul style=\"line-height:1.75\" class=\"wp-block-list is-style-checkmark-list\">\n<li>Mit SSO m\u00fcssen sich Benutzer nur einmal anmelden, um Zugriff auf alle notwendigen Systeme zu erhalten \u2013 kein st\u00e4ndiges Eingeben von Passw\u00f6rtern mehr!<\/li>\n\n\n\n<li>Zentralisierte Authentifizierung sch\u00fctzt vor unbefugtem Zugriff und minimiert das Risiko von Phishing-Angriffen, da nur eine sichere Anmeldung erforderlich ist.<\/li>\n<\/ul>\n<\/div>\n\n\n\n<div class=\"wp-block-column is-layout-flow wp-block-column-is-layout-flow\" style=\"flex-basis:50%\">\n<figure class=\"wp-block-image size-full is-style-rounded is-style-rounded--6\"><img loading=\"lazy\" decoding=\"async\" width=\"800\" height=\"256\" src=\"https:\/\/timo-brunn.de\/wp-content\/uploads\/2025\/03\/Screenshot-2025-03-21-002514-e1742513358221.png\" alt=\"\" class=\"wp-image-445\" srcset=\"https:\/\/timo-brunn.de\/wp-content\/uploads\/2025\/03\/Screenshot-2025-03-21-002514-e1742513358221.png 800w, https:\/\/timo-brunn.de\/wp-content\/uploads\/2025\/03\/Screenshot-2025-03-21-002514-e1742513358221-300x96.png 300w, https:\/\/timo-brunn.de\/wp-content\/uploads\/2025\/03\/Screenshot-2025-03-21-002514-e1742513358221-768x246.png 768w\" sizes=\"auto, (max-width: 800px) 100vw, 800px\" \/><\/figure>\n<\/div>\n<\/div>\n<\/div>\n<\/div>\n\n\n\n<p><\/p>\n","protected":false},"excerpt":{"rendered":"<p>Connecting Worlds through Open Source and Passion Als selbstst\u00e4ndiger IT-Dienstleister biete ich Ihnen exzellente Expertise in Linux und Netzwerktechnik \u2013 f\u00fcr L\u00f6sungen, die Ihre Erwartungen \u00fcbertreffen! IT, die zu Ihnen passt: Ihre Bed\u00fcrfnisse im Fokus Mit meinem breiten Spektrum an Dienstleistungen finden Privat- und Gesch\u00e4ftskunden die passende L\u00f6sung f\u00fcr jeden Bedarf, von IoT bis zum [&hellip;]<\/p>\n","protected":false},"author":1,"featured_media":0,"parent":0,"menu_order":0,"comment_status":"closed","ping_status":"closed","template":"","meta":{"footnotes":""},"class_list":["post-375","page","type-page","status-publish","hentry"],"aioseo_notices":[],"_links":{"self":[{"href":"https:\/\/timo-brunn.de\/index.php\/wp-json\/wp\/v2\/pages\/375","targetHints":{"allow":["GET"]}}],"collection":[{"href":"https:\/\/timo-brunn.de\/index.php\/wp-json\/wp\/v2\/pages"}],"about":[{"href":"https:\/\/timo-brunn.de\/index.php\/wp-json\/wp\/v2\/types\/page"}],"author":[{"embeddable":true,"href":"https:\/\/timo-brunn.de\/index.php\/wp-json\/wp\/v2\/users\/1"}],"replies":[{"embeddable":true,"href":"https:\/\/timo-brunn.de\/index.php\/wp-json\/wp\/v2\/comments?post=375"}],"version-history":[{"count":27,"href":"https:\/\/timo-brunn.de\/index.php\/wp-json\/wp\/v2\/pages\/375\/revisions"}],"predecessor-version":[{"id":488,"href":"https:\/\/timo-brunn.de\/index.php\/wp-json\/wp\/v2\/pages\/375\/revisions\/488"}],"wp:attachment":[{"href":"https:\/\/timo-brunn.de\/index.php\/wp-json\/wp\/v2\/media?parent=375"}],"curies":[{"name":"wp","href":"https:\/\/api.w.org\/{rel}","templated":true}]}}